{"id":102,"date":"2021-08-09T16:31:36","date_gmt":"2021-08-09T14:31:36","guid":{"rendered":"https:\/\/www.solarmanager.ch\/produkt\/unterstuetzte-geraete\/"},"modified":"2026-04-07T15:15:27","modified_gmt":"2026-04-07T13:15:27","slug":"appareils-pris-en-charge","status":"publish","type":"page","link":"https:\/\/www.solarmanager.ch\/fr\/produkt\/appareils-pris-en-charge\/","title":{"rendered":"Appareils pris en charge"},"content":{"rendered":"\r\n<p class=\"wp-block-paragraph\">&nbsp;<\/p>\r\n\r\n\r\n","protected":false},"excerpt":{"rendered":"<p>&nbsp;<\/p>\n","protected":false},"author":1,"featured_media":0,"parent":67,"menu_order":0,"comment_status":"closed","ping_status":"closed","template":"template\/template-product5-support.php","meta":{"_acf_changed":false,"_crdt_document":"","inline_featured_image":false,"footnotes":""},"class_list":["post-102","page","type-page","status-publish","hentry"],"acf":[],"yoast_head":"<!-- This site is optimized with the Yoast SEO plugin v27.0 - https:\/\/yoast.com\/product\/yoast-seo-wordpress\/ -->\n<title>Appareils pris en charge &#8211; Solar Manager<\/title>\n<meta name=\"description\" content=\"Liste des appareils compatibles avec le Solar Manager. Onduleur, compteur intelligent, batterie, station de chargement de voiture, pompe \u00e0 chaleur, eau chaude, Smart Plug \/ Relais, mesure d&#039;\u00e9nergie, mesure de temp\u00e9rature, appareils d&#039;entr\u00e9e et affichages externes\" \/>\n<meta name=\"robots\" content=\"index, follow, max-snippet:-1, max-image-preview:large, max-video-preview:-1\" \/>\n<link rel=\"canonical\" href=\"https:\/\/www.solarmanager.ch\/fr\/produkt\/appareils-pris-en-charge\/\" \/>\n<meta property=\"og:locale\" content=\"fr_FR\" \/>\n<meta property=\"og:type\" content=\"article\" \/>\n<meta property=\"og:title\" content=\"Appareils pris en charge &#8211; Solar Manager\" \/>\n<meta property=\"og:description\" content=\"Liste des appareils compatibles avec le Solar Manager. Onduleur, compteur intelligent, batterie, station de chargement de voiture, pompe \u00e0 chaleur, eau chaude, Smart Plug \/ Relais, mesure d&#039;\u00e9nergie, mesure de temp\u00e9rature, appareils d&#039;entr\u00e9e et affichages externes\" \/>\n<meta property=\"og:url\" content=\"https:\/\/www.solarmanager.ch\/fr\/produkt\/appareils-pris-en-charge\/\" \/>\n<meta property=\"og:site_name\" content=\"Solar Manager\" \/>\n<meta property=\"article:publisher\" content=\"https:\/\/www.facebook.com\/solarmanager.ch\/\" \/>\n<meta property=\"article:modified_time\" content=\"2026-04-07T13:15:27+00:00\" \/>\n<meta property=\"og:image\" content=\"https:\/\/www.solarmanager.ch\/wp-content\/uploads\/2023\/03\/PC-Mobile_SolarManager_v3-e1679475734391-1024x768.png\" \/>\n\t<meta property=\"og:image:width\" content=\"1024\" \/>\n\t<meta property=\"og:image:height\" content=\"768\" \/>\n\t<meta property=\"og:image:type\" content=\"image\/png\" \/>\n<meta name=\"twitter:card\" content=\"summary_large_image\" \/>\n<meta name=\"twitter:site\" content=\"@_solarmanager\" \/>\n<script type=\"application\/ld+json\" class=\"yoast-schema-graph\">{\"@context\":\"https:\/\/schema.org\",\"@graph\":[{\"@type\":\"WebPage\",\"@id\":\"https:\/\/www.solarmanager.ch\/fr\/produkt\/appareils-pris-en-charge\/\",\"url\":\"https:\/\/www.solarmanager.ch\/fr\/produkt\/appareils-pris-en-charge\/\",\"name\":\"Appareils pris en charge &#8211; Solar Manager\",\"isPartOf\":{\"@id\":\"https:\/\/www.solarmanager.ch\/#website\"},\"datePublished\":\"2021-08-09T14:31:36+00:00\",\"dateModified\":\"2026-04-07T13:15:27+00:00\",\"description\":\"Liste des appareils compatibles avec le Solar Manager. Onduleur, compteur intelligent, batterie, station de chargement de voiture, pompe \u00e0 chaleur, eau chaude, Smart Plug \/ Relais, mesure d'\u00e9nergie, mesure de temp\u00e9rature, appareils d'entr\u00e9e et affichages externes\",\"breadcrumb\":{\"@id\":\"https:\/\/www.solarmanager.ch\/fr\/produkt\/appareils-pris-en-charge\/#breadcrumb\"},\"inLanguage\":\"fr-FR\",\"potentialAction\":[{\"@type\":\"ReadAction\",\"target\":[\"https:\/\/www.solarmanager.ch\/fr\/produkt\/appareils-pris-en-charge\/\"]}]},{\"@type\":\"BreadcrumbList\",\"@id\":\"https:\/\/www.solarmanager.ch\/fr\/produkt\/appareils-pris-en-charge\/#breadcrumb\",\"itemListElement\":[{\"@type\":\"ListItem\",\"position\":1,\"name\":\"Home\",\"item\":\"https:\/\/www.solarmanager.ch\/fr\/\"},{\"@type\":\"ListItem\",\"position\":2,\"name\":\"Produit\",\"item\":\"https:\/\/www.solarmanager.ch\/fr\/produkt\/\"},{\"@type\":\"ListItem\",\"position\":3,\"name\":\"Appareils pris en charge\"}]},{\"@type\":\"WebSite\",\"@id\":\"https:\/\/www.solarmanager.ch\/#website\",\"url\":\"https:\/\/www.solarmanager.ch\/\",\"name\":\"Solar Manager\",\"description\":\"\",\"publisher\":{\"@id\":\"https:\/\/www.solarmanager.ch\/#organization\"},\"potentialAction\":[{\"@type\":\"SearchAction\",\"target\":{\"@type\":\"EntryPoint\",\"urlTemplate\":\"https:\/\/www.solarmanager.ch\/?s={search_term_string}\"},\"query-input\":{\"@type\":\"PropertyValueSpecification\",\"valueRequired\":true,\"valueName\":\"search_term_string\"}}],\"inLanguage\":\"fr-FR\"},{\"@type\":\"Organization\",\"@id\":\"https:\/\/www.solarmanager.ch\/#organization\",\"name\":\"Solar Manager AG\",\"url\":\"https:\/\/www.solarmanager.ch\/\",\"logo\":{\"@type\":\"ImageObject\",\"inLanguage\":\"fr-FR\",\"@id\":\"https:\/\/www.solarmanager.ch\/#\/schema\/logo\/image\/\",\"url\":\"https:\/\/www.solarmanager.ch\/wp-content\/uploads\/2021\/09\/Logo_SolarManager_textblack.svg\",\"contentUrl\":\"https:\/\/www.solarmanager.ch\/wp-content\/uploads\/2021\/09\/Logo_SolarManager_textblack.svg\",\"width\":\"1024\",\"height\":\"1024\",\"caption\":\"Solar Manager AG\"},\"image\":{\"@id\":\"https:\/\/www.solarmanager.ch\/#\/schema\/logo\/image\/\"},\"sameAs\":[\"https:\/\/www.facebook.com\/solarmanager.ch\/\",\"https:\/\/x.com\/_solarmanager\"]}]}<\/script>\n<!-- \/ Yoast SEO plugin. -->","yoast_head_json":{"title":"Appareils pris en charge &#8211; Solar Manager","description":"Liste des appareils compatibles avec le Solar Manager. Onduleur, compteur intelligent, batterie, station de chargement de voiture, pompe \u00e0 chaleur, eau chaude, Smart Plug \/ Relais, mesure d'\u00e9nergie, mesure de temp\u00e9rature, appareils d'entr\u00e9e et affichages externes","robots":{"index":"index","follow":"follow","max-snippet":"max-snippet:-1","max-image-preview":"max-image-preview:large","max-video-preview":"max-video-preview:-1"},"canonical":"https:\/\/www.solarmanager.ch\/fr\/produkt\/appareils-pris-en-charge\/","og_locale":"fr_FR","og_type":"article","og_title":"Appareils pris en charge &#8211; Solar Manager","og_description":"Liste des appareils compatibles avec le Solar Manager. Onduleur, compteur intelligent, batterie, station de chargement de voiture, pompe \u00e0 chaleur, eau chaude, Smart Plug \/ Relais, mesure d'\u00e9nergie, mesure de temp\u00e9rature, appareils d'entr\u00e9e et affichages externes","og_url":"https:\/\/www.solarmanager.ch\/fr\/produkt\/appareils-pris-en-charge\/","og_site_name":"Solar Manager","article_publisher":"https:\/\/www.facebook.com\/solarmanager.ch\/","article_modified_time":"2026-04-07T13:15:27+00:00","og_image":[{"width":1024,"height":768,"url":"https:\/\/www.solarmanager.ch\/wp-content\/uploads\/2023\/03\/PC-Mobile_SolarManager_v3-e1679475734391-1024x768.png","type":"image\/png"}],"twitter_card":"summary_large_image","twitter_site":"@_solarmanager","schema":{"@context":"https:\/\/schema.org","@graph":[{"@type":"WebPage","@id":"https:\/\/www.solarmanager.ch\/fr\/produkt\/appareils-pris-en-charge\/","url":"https:\/\/www.solarmanager.ch\/fr\/produkt\/appareils-pris-en-charge\/","name":"Appareils pris en charge &#8211; Solar Manager","isPartOf":{"@id":"https:\/\/www.solarmanager.ch\/#website"},"datePublished":"2021-08-09T14:31:36+00:00","dateModified":"2026-04-07T13:15:27+00:00","description":"Liste des appareils compatibles avec le Solar Manager. Onduleur, compteur intelligent, batterie, station de chargement de voiture, pompe \u00e0 chaleur, eau chaude, Smart Plug \/ Relais, mesure d'\u00e9nergie, mesure de temp\u00e9rature, appareils d'entr\u00e9e et affichages externes","breadcrumb":{"@id":"https:\/\/www.solarmanager.ch\/fr\/produkt\/appareils-pris-en-charge\/#breadcrumb"},"inLanguage":"fr-FR","potentialAction":[{"@type":"ReadAction","target":["https:\/\/www.solarmanager.ch\/fr\/produkt\/appareils-pris-en-charge\/"]}]},{"@type":"BreadcrumbList","@id":"https:\/\/www.solarmanager.ch\/fr\/produkt\/appareils-pris-en-charge\/#breadcrumb","itemListElement":[{"@type":"ListItem","position":1,"name":"Home","item":"https:\/\/www.solarmanager.ch\/fr\/"},{"@type":"ListItem","position":2,"name":"Produit","item":"https:\/\/www.solarmanager.ch\/fr\/produkt\/"},{"@type":"ListItem","position":3,"name":"Appareils pris en charge"}]},{"@type":"WebSite","@id":"https:\/\/www.solarmanager.ch\/#website","url":"https:\/\/www.solarmanager.ch\/","name":"Solar Manager","description":"","publisher":{"@id":"https:\/\/www.solarmanager.ch\/#organization"},"potentialAction":[{"@type":"SearchAction","target":{"@type":"EntryPoint","urlTemplate":"https:\/\/www.solarmanager.ch\/?s={search_term_string}"},"query-input":{"@type":"PropertyValueSpecification","valueRequired":true,"valueName":"search_term_string"}}],"inLanguage":"fr-FR"},{"@type":"Organization","@id":"https:\/\/www.solarmanager.ch\/#organization","name":"Solar Manager AG","url":"https:\/\/www.solarmanager.ch\/","logo":{"@type":"ImageObject","inLanguage":"fr-FR","@id":"https:\/\/www.solarmanager.ch\/#\/schema\/logo\/image\/","url":"https:\/\/www.solarmanager.ch\/wp-content\/uploads\/2021\/09\/Logo_SolarManager_textblack.svg","contentUrl":"https:\/\/www.solarmanager.ch\/wp-content\/uploads\/2021\/09\/Logo_SolarManager_textblack.svg","width":"1024","height":"1024","caption":"Solar Manager AG"},"image":{"@id":"https:\/\/www.solarmanager.ch\/#\/schema\/logo\/image\/"},"sameAs":["https:\/\/www.facebook.com\/solarmanager.ch\/","https:\/\/x.com\/_solarmanager"]}]}},"_links":{"self":[{"href":"https:\/\/www.solarmanager.ch\/fr\/wp-json\/wp\/v2\/pages\/102","targetHints":{"allow":["GET"]}}],"collection":[{"href":"https:\/\/www.solarmanager.ch\/fr\/wp-json\/wp\/v2\/pages"}],"about":[{"href":"https:\/\/www.solarmanager.ch\/fr\/wp-json\/wp\/v2\/types\/page"}],"author":[{"embeddable":true,"href":"https:\/\/www.solarmanager.ch\/fr\/wp-json\/wp\/v2\/users\/1"}],"replies":[{"embeddable":true,"href":"https:\/\/www.solarmanager.ch\/fr\/wp-json\/wp\/v2\/comments?post=102"}],"version-history":[{"count":453,"href":"https:\/\/www.solarmanager.ch\/fr\/wp-json\/wp\/v2\/pages\/102\/revisions"}],"predecessor-version":[{"id":14268,"href":"https:\/\/www.solarmanager.ch\/fr\/wp-json\/wp\/v2\/pages\/102\/revisions\/14268"}],"up":[{"embeddable":true,"href":"https:\/\/www.solarmanager.ch\/fr\/wp-json\/wp\/v2\/pages\/67"}],"wp:attachment":[{"href":"https:\/\/www.solarmanager.ch\/fr\/wp-json\/wp\/v2\/media?parent=102"}],"curies":[{"name":"wp","href":"https:\/\/api.w.org\/{rel}","templated":true}]}}